{"id":13480,"date":"2022-06-23T15:54:09","date_gmt":"2022-06-23T13:54:09","guid":{"rendered":"https:\/\/www.gaborcosmetics.com\/shop\/latte-corpo-zenzero\/"},"modified":"2022-11-28T00:00:05","modified_gmt":"2022-11-27T23:00:05","slug":"milk-body-ginger","status":"publish","type":"product","link":"https:\/\/www.gaborcosmetics.com\/en\/shop\/milk-body-ginger\/","title":{"rendered":"Lait Hydratant Fra\u00eecheur \u00c9pic\u00e9e"},"content":{"rendered":"<p>This deliciously scented body milk is fresh, emollient and ultra-moisturizing.  Its rich formula includes the extraordinary regenerating capacity of ginger extract and hyaluronic acid, an active synergic blend that offers comfort and softness for lasting well-being.  <div class=\"mkdf-separator-holder clearfix  mkdf-separator-center mkdf-separator-full-width\">\n\t<div class=\"mkdf-separator\" style=\"border-color: black;border-style: solid;width:  thickness=px;margin-top:  bottom_margin=px\"><\/div>\n<\/div>\n  <strong>INGREDIENTS<\/strong>  The vibrant fragrance is fresh and spicy, thanks to the presence of ginger flower, ginger root, citrus, nutmeg, cloves, sandalwood and amber.<\/p>\n","protected":false},"excerpt":{"rendered":"<div class=\"woocommerce-product-details__short-description\"> Body milk with Ginger Extract and hyaluronic acid \u2013 550 ml <\/div>\n","protected":false},"featured_media":23197,"comment_status":"open","ping_status":"closed","template":"","meta":{"_acf_changed":false},"product_brand":[],"product_cat":[578,714,707,625,692],"product_tag":[],"class_list":{"0":"post-13480","1":"product","2":"type-product","3":"status-publish","4":"has-post-thumbnail","6":"product_cat-body","7":"product_cat-ginger-flowers-gs-soins-du-bains","8":"product_cat-gs-soins-du-bains-en","9":"product_cat-lines","10":"product_cat-milk","12":"first","13":"instock","14":"taxable","15":"shipping-taxable","16":"purchasable","17":"product-type-simple"},"acf":[],"yoast_head":"<!-- This site is optimized with the Yoast SEO Premium plugin v27.3 (Yoast SEO v27.3) - https:\/\/yoast.com\/product\/yoast-seo-premium-wordpress\/ -->\n<title>Lait Hydratant Fra\u00eecheur \u00c9pic\u00e9e - Gabor Cosmetics<\/title>\n<meta name=\"robots\" content=\"index, follow, max-snippet:-1, max-image-preview:large, max-video-preview:-1\" \/>\n<link rel=\"canonical\" href=\"https:\/\/www.gaborcosmetics.com\/en\/shop\/milk-body-ginger\/\" \/>\n<meta property=\"og:locale\" content=\"en_US\" \/>\n<meta property=\"og:type\" content=\"article\" \/>\n<meta property=\"og:title\" content=\"Lait Hydratant Fra\u00eecheur \u00c9pic\u00e9e - Gabor Cosmetics\" \/>\n<meta property=\"og:description\" content=\"Body milk with Ginger Extract and hyaluronic acid \u2013 550 ml\" \/>\n<meta property=\"og:url\" content=\"https:\/\/www.gaborcosmetics.com\/en\/shop\/milk-body-ginger\/\" \/>\n<meta property=\"og:site_name\" content=\"Gabor Cosmetics\" \/>\n<meta property=\"article:publisher\" content=\"https:\/\/www.facebook.com\/Gabor-Cosmetics-100166666828311\" \/>\n<meta property=\"article:modified_time\" content=\"2022-11-27T23:00:05+00:00\" \/>\n<meta property=\"og:image\" content=\"https:\/\/www.gaborcosmetics.com\/wp-content\/uploads\/2020\/10\/GS784-2.png\" \/>\n\t<meta property=\"og:image:width\" content=\"600\" \/>\n\t<meta property=\"og:image:height\" content=\"800\" \/>\n\t<meta property=\"og:image:type\" content=\"image\/png\" \/>\n<meta name=\"twitter:card\" content=\"summary_large_image\" \/>\n<script type=\"application\/ld+json\" class=\"yoast-schema-graph\">{\"@context\":\"https:\\\/\\\/schema.org\",\"@graph\":[{\"@type\":\"WebPage\",\"@id\":\"https:\\\/\\\/www.gaborcosmetics.com\\\/en\\\/shop\\\/milk-body-ginger\\\/\",\"url\":\"https:\\\/\\\/www.gaborcosmetics.com\\\/en\\\/shop\\\/milk-body-ginger\\\/\",\"name\":\"Lait Hydratant Fra\u00eecheur \u00c9pic\u00e9e - Gabor Cosmetics\",\"isPartOf\":{\"@id\":\"https:\\\/\\\/www.gaborcosmetics.com\\\/en\\\/#website\"},\"primaryImageOfPage\":{\"@id\":\"https:\\\/\\\/www.gaborcosmetics.com\\\/en\\\/shop\\\/milk-body-ginger\\\/#primaryimage\"},\"image\":{\"@id\":\"https:\\\/\\\/www.gaborcosmetics.com\\\/en\\\/shop\\\/milk-body-ginger\\\/#primaryimage\"},\"thumbnailUrl\":\"https:\\\/\\\/www.gaborcosmetics.com\\\/wp-content\\\/uploads\\\/2022\\\/06\\\/GS784-2.jpg\",\"datePublished\":\"2022-06-23T13:54:09+00:00\",\"dateModified\":\"2022-11-27T23:00:05+00:00\",\"breadcrumb\":{\"@id\":\"https:\\\/\\\/www.gaborcosmetics.com\\\/en\\\/shop\\\/milk-body-ginger\\\/#breadcrumb\"},\"inLanguage\":\"en-US\",\"potentialAction\":[{\"@type\":\"ReadAction\",\"target\":[\"https:\\\/\\\/www.gaborcosmetics.com\\\/en\\\/shop\\\/milk-body-ginger\\\/\"]}]},{\"@type\":\"ImageObject\",\"inLanguage\":\"en-US\",\"@id\":\"https:\\\/\\\/www.gaborcosmetics.com\\\/en\\\/shop\\\/milk-body-ginger\\\/#primaryimage\",\"url\":\"https:\\\/\\\/www.gaborcosmetics.com\\\/wp-content\\\/uploads\\\/2022\\\/06\\\/GS784-2.jpg\",\"contentUrl\":\"https:\\\/\\\/www.gaborcosmetics.com\\\/wp-content\\\/uploads\\\/2022\\\/06\\\/GS784-2.jpg\",\"width\":600,\"height\":800},{\"@type\":\"BreadcrumbList\",\"@id\":\"https:\\\/\\\/www.gaborcosmetics.com\\\/en\\\/shop\\\/milk-body-ginger\\\/#breadcrumb\",\"itemListElement\":[{\"@type\":\"ListItem\",\"position\":1,\"name\":\"Shop\",\"item\":\"https:\\\/\\\/www.gaborcosmetics.com\\\/en\\\/?page_id=12200\"},{\"@type\":\"ListItem\",\"position\":2,\"name\":\"Lait Hydratant Fra\u00eecheur \u00c9pic\u00e9e\"}]},{\"@type\":\"WebSite\",\"@id\":\"https:\\\/\\\/www.gaborcosmetics.com\\\/en\\\/#website\",\"url\":\"https:\\\/\\\/www.gaborcosmetics.com\\\/en\\\/\",\"name\":\"Gabor Cosmetics\",\"description\":\"\",\"potentialAction\":[{\"@type\":\"SearchAction\",\"target\":{\"@type\":\"EntryPoint\",\"urlTemplate\":\"https:\\\/\\\/www.gaborcosmetics.com\\\/en\\\/?s={search_term_string}\"},\"query-input\":{\"@type\":\"PropertyValueSpecification\",\"valueRequired\":true,\"valueName\":\"search_term_string\"}}],\"inLanguage\":\"en-US\"}]}<\/script>\n<!-- \/ Yoast SEO Premium plugin. -->","yoast_head_json":{"title":"Lait Hydratant Fra\u00eecheur \u00c9pic\u00e9e - Gabor Cosmetics","robots":{"index":"index","follow":"follow","max-snippet":"max-snippet:-1","max-image-preview":"max-image-preview:large","max-video-preview":"max-video-preview:-1"},"canonical":"https:\/\/www.gaborcosmetics.com\/en\/shop\/milk-body-ginger\/","og_locale":"en_US","og_type":"article","og_title":"Lait Hydratant Fra\u00eecheur \u00c9pic\u00e9e - Gabor Cosmetics","og_description":"Body milk with Ginger Extract and hyaluronic acid \u2013 550 ml","og_url":"https:\/\/www.gaborcosmetics.com\/en\/shop\/milk-body-ginger\/","og_site_name":"Gabor Cosmetics","article_publisher":"https:\/\/www.facebook.com\/Gabor-Cosmetics-100166666828311","article_modified_time":"2022-11-27T23:00:05+00:00","og_image":[{"width":600,"height":800,"url":"https:\/\/www.gaborcosmetics.com\/wp-content\/uploads\/2020\/10\/GS784-2.png","type":"image\/png"}],"twitter_card":"summary_large_image","schema":{"@context":"https:\/\/schema.org","@graph":[{"@type":"WebPage","@id":"https:\/\/www.gaborcosmetics.com\/en\/shop\/milk-body-ginger\/","url":"https:\/\/www.gaborcosmetics.com\/en\/shop\/milk-body-ginger\/","name":"Lait Hydratant Fra\u00eecheur \u00c9pic\u00e9e - Gabor Cosmetics","isPartOf":{"@id":"https:\/\/www.gaborcosmetics.com\/en\/#website"},"primaryImageOfPage":{"@id":"https:\/\/www.gaborcosmetics.com\/en\/shop\/milk-body-ginger\/#primaryimage"},"image":{"@id":"https:\/\/www.gaborcosmetics.com\/en\/shop\/milk-body-ginger\/#primaryimage"},"thumbnailUrl":"https:\/\/www.gaborcosmetics.com\/wp-content\/uploads\/2022\/06\/GS784-2.jpg","datePublished":"2022-06-23T13:54:09+00:00","dateModified":"2022-11-27T23:00:05+00:00","breadcrumb":{"@id":"https:\/\/www.gaborcosmetics.com\/en\/shop\/milk-body-ginger\/#breadcrumb"},"inLanguage":"en-US","potentialAction":[{"@type":"ReadAction","target":["https:\/\/www.gaborcosmetics.com\/en\/shop\/milk-body-ginger\/"]}]},{"@type":"ImageObject","inLanguage":"en-US","@id":"https:\/\/www.gaborcosmetics.com\/en\/shop\/milk-body-ginger\/#primaryimage","url":"https:\/\/www.gaborcosmetics.com\/wp-content\/uploads\/2022\/06\/GS784-2.jpg","contentUrl":"https:\/\/www.gaborcosmetics.com\/wp-content\/uploads\/2022\/06\/GS784-2.jpg","width":600,"height":800},{"@type":"BreadcrumbList","@id":"https:\/\/www.gaborcosmetics.com\/en\/shop\/milk-body-ginger\/#breadcrumb","itemListElement":[{"@type":"ListItem","position":1,"name":"Shop","item":"https:\/\/www.gaborcosmetics.com\/en\/?page_id=12200"},{"@type":"ListItem","position":2,"name":"Lait Hydratant Fra\u00eecheur \u00c9pic\u00e9e"}]},{"@type":"WebSite","@id":"https:\/\/www.gaborcosmetics.com\/en\/#website","url":"https:\/\/www.gaborcosmetics.com\/en\/","name":"Gabor Cosmetics","description":"","potentialAction":[{"@type":"SearchAction","target":{"@type":"EntryPoint","urlTemplate":"https:\/\/www.gaborcosmetics.com\/en\/?s={search_term_string}"},"query-input":{"@type":"PropertyValueSpecification","valueRequired":true,"valueName":"search_term_string"}}],"inLanguage":"en-US"}]}},"_links":{"self":[{"href":"https:\/\/www.gaborcosmetics.com\/en\/wp-json\/wp\/v2\/product\/13480","targetHints":{"allow":["GET"]}}],"collection":[{"href":"https:\/\/www.gaborcosmetics.com\/en\/wp-json\/wp\/v2\/product"}],"about":[{"href":"https:\/\/www.gaborcosmetics.com\/en\/wp-json\/wp\/v2\/types\/product"}],"replies":[{"embeddable":true,"href":"https:\/\/www.gaborcosmetics.com\/en\/wp-json\/wp\/v2\/comments?post=13480"}],"wp:featuredmedia":[{"embeddable":true,"href":"https:\/\/www.gaborcosmetics.com\/en\/wp-json\/wp\/v2\/media\/23197"}],"wp:attachment":[{"href":"https:\/\/www.gaborcosmetics.com\/en\/wp-json\/wp\/v2\/media?parent=13480"}],"wp:term":[{"taxonomy":"product_brand","embeddable":true,"href":"https:\/\/www.gaborcosmetics.com\/en\/wp-json\/wp\/v2\/product_brand?post=13480"},{"taxonomy":"product_cat","embeddable":true,"href":"https:\/\/www.gaborcosmetics.com\/en\/wp-json\/wp\/v2\/product_cat?post=13480"},{"taxonomy":"product_tag","embeddable":true,"href":"https:\/\/www.gaborcosmetics.com\/en\/wp-json\/wp\/v2\/product_tag?post=13480"}],"curies":[{"name":"wp","href":"https:\/\/api.w.org\/{rel}","templated":true}]}}