{"id":13481,"date":"2022-06-23T15:54:09","date_gmt":"2022-06-23T13:54:09","guid":{"rendered":"https:\/\/www.gaborcosmetics.com\/shop\/acqua-corpo-profumata-zenzero\/"},"modified":"2022-07-07T09:44:32","modified_gmt":"2022-07-07T07:44:32","slug":"water-body-scented-ginger","status":"publish","type":"product","link":"https:\/\/www.gaborcosmetics.com\/en\/shop\/water-body-scented-ginger\/","title":{"rendered":"Eau D\u00e9licieuse \u00c9pic\u00e9e"},"content":{"rendered":"<p>A deliciously scented water, it is excellent for intensely hydrating and revitalizing the skin of the whole body. Treat yourself to an immediate sensation of freshness and well-being at any time of the day.  <div class=\"mkdf-separator-holder clearfix  mkdf-separator-center mkdf-separator-full-width\">\n\t<div class=\"mkdf-separator\" style=\"border-color: black;border-style: solid;width:  thickness=px;margin-top:  bottom_margin=px\"><\/div>\n<\/div>\n  <strong>INGREDIENTS<\/strong>  This little beauty secret contains natural ginger extracts. Hyaluronic acid completes the action, leaving the skin toned and hydrated. The citrus and spicy combination of sweet orange, lemon, bergamot and ginger root blends with the evocative accents of ginger flower with sensual accents of sandalwood and amber.<\/p>\n","protected":false},"excerpt":{"rendered":"<div class=\"woocommerce-product-details__short-description\"> Shower gel with Ginger Extract and Hyaluronic Acid \u2013 550 ml <\/div>\n","protected":false},"featured_media":23193,"comment_status":"open","ping_status":"closed","template":"","meta":{"_acf_changed":false},"product_brand":[],"product_cat":[578,581,714,707,579],"product_tag":[],"class_list":{"0":"post-13481","1":"product","2":"type-product","3":"status-publish","4":"has-post-thumbnail","6":"product_cat-body","7":"product_cat-ginger-flowers","8":"product_cat-ginger-flowers-gs-soins-du-bains","9":"product_cat-gs-soins-du-bains-en","10":"product_cat-scented-water","12":"first","13":"instock","14":"taxable","15":"shipping-taxable","16":"purchasable","17":"product-type-simple"},"acf":[],"yoast_head":"<!-- This site is optimized with the Yoast SEO Premium plugin v27.3 (Yoast SEO v27.3) - https:\/\/yoast.com\/product\/yoast-seo-premium-wordpress\/ -->\n<title>Eau D\u00e9licieuse \u00c9pic\u00e9e - Gabor Cosmetics<\/title>\n<meta name=\"robots\" content=\"index, follow, max-snippet:-1, max-image-preview:large, max-video-preview:-1\" \/>\n<link rel=\"canonical\" href=\"https:\/\/www.gaborcosmetics.com\/en\/shop\/water-body-scented-ginger\/\" \/>\n<meta property=\"og:locale\" content=\"en_US\" \/>\n<meta property=\"og:type\" content=\"article\" \/>\n<meta property=\"og:title\" content=\"Eau D\u00e9licieuse \u00c9pic\u00e9e - Gabor Cosmetics\" \/>\n<meta property=\"og:description\" content=\"Shower gel with Ginger Extract and Hyaluronic Acid \u2013 550 ml\" \/>\n<meta property=\"og:url\" content=\"https:\/\/www.gaborcosmetics.com\/en\/shop\/water-body-scented-ginger\/\" \/>\n<meta property=\"og:site_name\" content=\"Gabor Cosmetics\" \/>\n<meta property=\"article:publisher\" content=\"https:\/\/www.facebook.com\/Gabor-Cosmetics-100166666828311\" \/>\n<meta property=\"article:modified_time\" content=\"2022-07-07T07:44:32+00:00\" \/>\n<meta property=\"og:image\" content=\"https:\/\/www.gaborcosmetics.com\/wp-content\/uploads\/2020\/10\/acqua-profumata-fiori-zenzero.png\" \/>\n\t<meta property=\"og:image:width\" content=\"600\" \/>\n\t<meta property=\"og:image:height\" content=\"800\" \/>\n\t<meta property=\"og:image:type\" content=\"image\/png\" \/>\n<meta name=\"twitter:card\" content=\"summary_large_image\" \/>\n<meta name=\"twitter:label1\" content=\"Est. reading time\" \/>\n\t<meta name=\"twitter:data1\" content=\"1 minute\" \/>\n<script type=\"application\/ld+json\" class=\"yoast-schema-graph\">{\"@context\":\"https:\\\/\\\/schema.org\",\"@graph\":[{\"@type\":\"WebPage\",\"@id\":\"https:\\\/\\\/www.gaborcosmetics.com\\\/en\\\/shop\\\/water-body-scented-ginger\\\/\",\"url\":\"https:\\\/\\\/www.gaborcosmetics.com\\\/en\\\/shop\\\/water-body-scented-ginger\\\/\",\"name\":\"Eau D\u00e9licieuse \u00c9pic\u00e9e - Gabor Cosmetics\",\"isPartOf\":{\"@id\":\"https:\\\/\\\/www.gaborcosmetics.com\\\/en\\\/#website\"},\"primaryImageOfPage\":{\"@id\":\"https:\\\/\\\/www.gaborcosmetics.com\\\/en\\\/shop\\\/water-body-scented-ginger\\\/#primaryimage\"},\"image\":{\"@id\":\"https:\\\/\\\/www.gaborcosmetics.com\\\/en\\\/shop\\\/water-body-scented-ginger\\\/#primaryimage\"},\"thumbnailUrl\":\"https:\\\/\\\/www.gaborcosmetics.com\\\/wp-content\\\/uploads\\\/2022\\\/06\\\/GS783-2.jpg\",\"datePublished\":\"2022-06-23T13:54:09+00:00\",\"dateModified\":\"2022-07-07T07:44:32+00:00\",\"breadcrumb\":{\"@id\":\"https:\\\/\\\/www.gaborcosmetics.com\\\/en\\\/shop\\\/water-body-scented-ginger\\\/#breadcrumb\"},\"inLanguage\":\"en-US\",\"potentialAction\":[{\"@type\":\"ReadAction\",\"target\":[\"https:\\\/\\\/www.gaborcosmetics.com\\\/en\\\/shop\\\/water-body-scented-ginger\\\/\"]}]},{\"@type\":\"ImageObject\",\"inLanguage\":\"en-US\",\"@id\":\"https:\\\/\\\/www.gaborcosmetics.com\\\/en\\\/shop\\\/water-body-scented-ginger\\\/#primaryimage\",\"url\":\"https:\\\/\\\/www.gaborcosmetics.com\\\/wp-content\\\/uploads\\\/2022\\\/06\\\/GS783-2.jpg\",\"contentUrl\":\"https:\\\/\\\/www.gaborcosmetics.com\\\/wp-content\\\/uploads\\\/2022\\\/06\\\/GS783-2.jpg\",\"width\":600,\"height\":800},{\"@type\":\"BreadcrumbList\",\"@id\":\"https:\\\/\\\/www.gaborcosmetics.com\\\/en\\\/shop\\\/water-body-scented-ginger\\\/#breadcrumb\",\"itemListElement\":[{\"@type\":\"ListItem\",\"position\":1,\"name\":\"Shop\",\"item\":\"https:\\\/\\\/www.gaborcosmetics.com\\\/en\\\/?page_id=12200\"},{\"@type\":\"ListItem\",\"position\":2,\"name\":\"Eau D\u00e9licieuse \u00c9pic\u00e9e\"}]},{\"@type\":\"WebSite\",\"@id\":\"https:\\\/\\\/www.gaborcosmetics.com\\\/en\\\/#website\",\"url\":\"https:\\\/\\\/www.gaborcosmetics.com\\\/en\\\/\",\"name\":\"Gabor Cosmetics\",\"description\":\"\",\"potentialAction\":[{\"@type\":\"SearchAction\",\"target\":{\"@type\":\"EntryPoint\",\"urlTemplate\":\"https:\\\/\\\/www.gaborcosmetics.com\\\/en\\\/?s={search_term_string}\"},\"query-input\":{\"@type\":\"PropertyValueSpecification\",\"valueRequired\":true,\"valueName\":\"search_term_string\"}}],\"inLanguage\":\"en-US\"}]}<\/script>\n<!-- \/ Yoast SEO Premium plugin. -->","yoast_head_json":{"title":"Eau D\u00e9licieuse \u00c9pic\u00e9e - Gabor Cosmetics","robots":{"index":"index","follow":"follow","max-snippet":"max-snippet:-1","max-image-preview":"max-image-preview:large","max-video-preview":"max-video-preview:-1"},"canonical":"https:\/\/www.gaborcosmetics.com\/en\/shop\/water-body-scented-ginger\/","og_locale":"en_US","og_type":"article","og_title":"Eau D\u00e9licieuse \u00c9pic\u00e9e - Gabor Cosmetics","og_description":"Shower gel with Ginger Extract and Hyaluronic Acid \u2013 550 ml","og_url":"https:\/\/www.gaborcosmetics.com\/en\/shop\/water-body-scented-ginger\/","og_site_name":"Gabor Cosmetics","article_publisher":"https:\/\/www.facebook.com\/Gabor-Cosmetics-100166666828311","article_modified_time":"2022-07-07T07:44:32+00:00","og_image":[{"width":600,"height":800,"url":"https:\/\/www.gaborcosmetics.com\/wp-content\/uploads\/2020\/10\/acqua-profumata-fiori-zenzero.png","type":"image\/png"}],"twitter_card":"summary_large_image","twitter_misc":{"Est. reading time":"1 minute"},"schema":{"@context":"https:\/\/schema.org","@graph":[{"@type":"WebPage","@id":"https:\/\/www.gaborcosmetics.com\/en\/shop\/water-body-scented-ginger\/","url":"https:\/\/www.gaborcosmetics.com\/en\/shop\/water-body-scented-ginger\/","name":"Eau D\u00e9licieuse \u00c9pic\u00e9e - Gabor Cosmetics","isPartOf":{"@id":"https:\/\/www.gaborcosmetics.com\/en\/#website"},"primaryImageOfPage":{"@id":"https:\/\/www.gaborcosmetics.com\/en\/shop\/water-body-scented-ginger\/#primaryimage"},"image":{"@id":"https:\/\/www.gaborcosmetics.com\/en\/shop\/water-body-scented-ginger\/#primaryimage"},"thumbnailUrl":"https:\/\/www.gaborcosmetics.com\/wp-content\/uploads\/2022\/06\/GS783-2.jpg","datePublished":"2022-06-23T13:54:09+00:00","dateModified":"2022-07-07T07:44:32+00:00","breadcrumb":{"@id":"https:\/\/www.gaborcosmetics.com\/en\/shop\/water-body-scented-ginger\/#breadcrumb"},"inLanguage":"en-US","potentialAction":[{"@type":"ReadAction","target":["https:\/\/www.gaborcosmetics.com\/en\/shop\/water-body-scented-ginger\/"]}]},{"@type":"ImageObject","inLanguage":"en-US","@id":"https:\/\/www.gaborcosmetics.com\/en\/shop\/water-body-scented-ginger\/#primaryimage","url":"https:\/\/www.gaborcosmetics.com\/wp-content\/uploads\/2022\/06\/GS783-2.jpg","contentUrl":"https:\/\/www.gaborcosmetics.com\/wp-content\/uploads\/2022\/06\/GS783-2.jpg","width":600,"height":800},{"@type":"BreadcrumbList","@id":"https:\/\/www.gaborcosmetics.com\/en\/shop\/water-body-scented-ginger\/#breadcrumb","itemListElement":[{"@type":"ListItem","position":1,"name":"Shop","item":"https:\/\/www.gaborcosmetics.com\/en\/?page_id=12200"},{"@type":"ListItem","position":2,"name":"Eau D\u00e9licieuse \u00c9pic\u00e9e"}]},{"@type":"WebSite","@id":"https:\/\/www.gaborcosmetics.com\/en\/#website","url":"https:\/\/www.gaborcosmetics.com\/en\/","name":"Gabor Cosmetics","description":"","potentialAction":[{"@type":"SearchAction","target":{"@type":"EntryPoint","urlTemplate":"https:\/\/www.gaborcosmetics.com\/en\/?s={search_term_string}"},"query-input":{"@type":"PropertyValueSpecification","valueRequired":true,"valueName":"search_term_string"}}],"inLanguage":"en-US"}]}},"_links":{"self":[{"href":"https:\/\/www.gaborcosmetics.com\/en\/wp-json\/wp\/v2\/product\/13481","targetHints":{"allow":["GET"]}}],"collection":[{"href":"https:\/\/www.gaborcosmetics.com\/en\/wp-json\/wp\/v2\/product"}],"about":[{"href":"https:\/\/www.gaborcosmetics.com\/en\/wp-json\/wp\/v2\/types\/product"}],"replies":[{"embeddable":true,"href":"https:\/\/www.gaborcosmetics.com\/en\/wp-json\/wp\/v2\/comments?post=13481"}],"wp:featuredmedia":[{"embeddable":true,"href":"https:\/\/www.gaborcosmetics.com\/en\/wp-json\/wp\/v2\/media\/23193"}],"wp:attachment":[{"href":"https:\/\/www.gaborcosmetics.com\/en\/wp-json\/wp\/v2\/media?parent=13481"}],"wp:term":[{"taxonomy":"product_brand","embeddable":true,"href":"https:\/\/www.gaborcosmetics.com\/en\/wp-json\/wp\/v2\/product_brand?post=13481"},{"taxonomy":"product_cat","embeddable":true,"href":"https:\/\/www.gaborcosmetics.com\/en\/wp-json\/wp\/v2\/product_cat?post=13481"},{"taxonomy":"product_tag","embeddable":true,"href":"https:\/\/www.gaborcosmetics.com\/en\/wp-json\/wp\/v2\/product_tag?post=13481"}],"curies":[{"name":"wp","href":"https:\/\/api.w.org\/{rel}","templated":true}]}}