{"id":13493,"date":"2022-06-23T15:54:03","date_gmt":"2022-06-23T13:54:03","guid":{"rendered":"https:\/\/www.gaborcosmetics.com\/shop\/crema-corpo-aloe\/"},"modified":"2023-06-04T22:21:46","modified_gmt":"2023-06-04T20:21:46","slug":"cream-body-aloe","status":"publish","type":"product","link":"https:\/\/www.gaborcosmetics.com\/en\/shop\/cream-body-aloe\/","title":{"rendered":"Cr\u00e8me Beurre R\u00e9g\u00e9n\u00e9rante"},"content":{"rendered":"<p>A rich and buttery cream, velvety in texture, this moisturizer blends instantly with the skin leaving a fresh floral fragrance. The formula, perfect even for the driest and most undernourished skin, contains precious vegetable oils, aloe extract, hyaluronic acid and shea butter in an unparalleled combination that regenerates, nourishes and deeply hydrates the skin of the whole body.  <div class=\"mkdf-separator-holder clearfix  mkdf-separator-center mkdf-separator-full-width\">\n\t<div class=\"mkdf-separator\" style=\"border-color: black;border-style: solid;width:  thickness=px;margin-top:  bottom_margin=px\"><\/div>\n<\/div>\n  <strong>INGREDIENTI<\/strong>  Aloe extract: obtained from the concentration and powder reduction of the condensed juice of the aloe barbadensis leaves, it has a positive moisturizing and skin-protective function. Hyaluronic Acid: an ingredient of biotechnological origin with a high molecular weight belonging to the glycosaminoglycans; it is a natural constituent of connective tissue and binds with a large quantity of water, effectively counteracting skin dehydration. Shea Butter: extracted from the seed of butyrospermum parkii, a plant that grows spontaneously in areas of West Africa in an area known as the &#8220;shea area&#8221;. The cutaneous use of Shea butter has an ancient tradition among Africans as a massage ointment, emollient for hair, soothing wounds, and protecting against erythema. Beeswax: made in the beehive; its main constituents are cerotic acid esters, sterol esters of fatty acids, flavones and lactones, and can vary depending on the areas of activity of the bees. Vitamin E: belongs to the group of substances called tocopherols known above all for their antioxidant properties.<\/p>\n","protected":false},"excerpt":{"rendered":"<div class=\"woocommerce-product-details__short-description\"> Body butter with Aloe Vera and hyaluronic acid \u2013 250 ml <\/div>\n","protected":false},"featured_media":23135,"comment_status":"open","ping_status":"closed","template":"","meta":{"_acf_changed":false},"product_brand":[],"product_cat":[594,708,578,593,707],"product_tag":[],"class_list":{"0":"post-13493","1":"product","2":"type-product","3":"status-publish","4":"has-post-thumbnail","6":"product_cat-aloe-buttercream","7":"product_cat-aloe-gs-soins-du-bains-line","8":"product_cat-body","9":"product_cat-butter-cream","10":"product_cat-gs-soins-du-bains-en","12":"first","13":"instock","14":"taxable","15":"shipping-taxable","16":"purchasable","17":"product-type-simple"},"acf":[],"yoast_head":"<!-- This site is optimized with the Yoast SEO Premium plugin v27.3 (Yoast SEO v27.3) - https:\/\/yoast.com\/product\/yoast-seo-premium-wordpress\/ -->\n<title>Cr\u00e8me Beurre R\u00e9g\u00e9n\u00e9rante - Gabor Cosmetics<\/title>\n<meta name=\"robots\" content=\"index, follow, max-snippet:-1, max-image-preview:large, max-video-preview:-1\" \/>\n<link rel=\"canonical\" href=\"https:\/\/www.gaborcosmetics.com\/en\/shop\/cream-body-aloe\/\" \/>\n<meta property=\"og:locale\" content=\"en_US\" \/>\n<meta property=\"og:type\" content=\"article\" \/>\n<meta property=\"og:title\" content=\"Cr\u00e8me Beurre R\u00e9g\u00e9n\u00e9rante - Gabor Cosmetics\" \/>\n<meta property=\"og:description\" content=\"Body butter with Aloe Vera and hyaluronic acid \u2013 250 ml\" \/>\n<meta property=\"og:url\" content=\"https:\/\/www.gaborcosmetics.com\/en\/shop\/cream-body-aloe\/\" \/>\n<meta property=\"og:site_name\" content=\"Gabor Cosmetics\" \/>\n<meta property=\"article:publisher\" content=\"https:\/\/www.facebook.com\/Gabor-Cosmetics-100166666828311\" \/>\n<meta property=\"article:modified_time\" content=\"2023-06-04T20:21:46+00:00\" \/>\n<meta property=\"og:image\" content=\"https:\/\/www.gaborcosmetics.com\/wp-content\/uploads\/2020\/10\/GS761-1.png\" \/>\n\t<meta property=\"og:image:width\" content=\"600\" \/>\n\t<meta property=\"og:image:height\" content=\"800\" \/>\n\t<meta property=\"og:image:type\" content=\"image\/png\" \/>\n<meta name=\"twitter:card\" content=\"summary_large_image\" \/>\n<meta name=\"twitter:label1\" content=\"Est. reading time\" \/>\n\t<meta name=\"twitter:data1\" content=\"1 minute\" \/>\n<script type=\"application\/ld+json\" class=\"yoast-schema-graph\">{\"@context\":\"https:\\\/\\\/schema.org\",\"@graph\":[{\"@type\":\"WebPage\",\"@id\":\"https:\\\/\\\/www.gaborcosmetics.com\\\/en\\\/shop\\\/cream-body-aloe\\\/\",\"url\":\"https:\\\/\\\/www.gaborcosmetics.com\\\/en\\\/shop\\\/cream-body-aloe\\\/\",\"name\":\"Cr\u00e8me Beurre R\u00e9g\u00e9n\u00e9rante - Gabor Cosmetics\",\"isPartOf\":{\"@id\":\"https:\\\/\\\/www.gaborcosmetics.com\\\/en\\\/#website\"},\"primaryImageOfPage\":{\"@id\":\"https:\\\/\\\/www.gaborcosmetics.com\\\/en\\\/shop\\\/cream-body-aloe\\\/#primaryimage\"},\"image\":{\"@id\":\"https:\\\/\\\/www.gaborcosmetics.com\\\/en\\\/shop\\\/cream-body-aloe\\\/#primaryimage\"},\"thumbnailUrl\":\"https:\\\/\\\/www.gaborcosmetics.com\\\/wp-content\\\/uploads\\\/2022\\\/06\\\/GS761-1.jpg\",\"datePublished\":\"2022-06-23T13:54:03+00:00\",\"dateModified\":\"2023-06-04T20:21:46+00:00\",\"breadcrumb\":{\"@id\":\"https:\\\/\\\/www.gaborcosmetics.com\\\/en\\\/shop\\\/cream-body-aloe\\\/#breadcrumb\"},\"inLanguage\":\"en-US\",\"potentialAction\":[{\"@type\":\"ReadAction\",\"target\":[\"https:\\\/\\\/www.gaborcosmetics.com\\\/en\\\/shop\\\/cream-body-aloe\\\/\"]}]},{\"@type\":\"ImageObject\",\"inLanguage\":\"en-US\",\"@id\":\"https:\\\/\\\/www.gaborcosmetics.com\\\/en\\\/shop\\\/cream-body-aloe\\\/#primaryimage\",\"url\":\"https:\\\/\\\/www.gaborcosmetics.com\\\/wp-content\\\/uploads\\\/2022\\\/06\\\/GS761-1.jpg\",\"contentUrl\":\"https:\\\/\\\/www.gaborcosmetics.com\\\/wp-content\\\/uploads\\\/2022\\\/06\\\/GS761-1.jpg\",\"width\":600,\"height\":800},{\"@type\":\"BreadcrumbList\",\"@id\":\"https:\\\/\\\/www.gaborcosmetics.com\\\/en\\\/shop\\\/cream-body-aloe\\\/#breadcrumb\",\"itemListElement\":[{\"@type\":\"ListItem\",\"position\":1,\"name\":\"Shop\",\"item\":\"https:\\\/\\\/www.gaborcosmetics.com\\\/en\\\/?page_id=12200\"},{\"@type\":\"ListItem\",\"position\":2,\"name\":\"Cr\u00e8me Beurre R\u00e9g\u00e9n\u00e9rante\"}]},{\"@type\":\"WebSite\",\"@id\":\"https:\\\/\\\/www.gaborcosmetics.com\\\/en\\\/#website\",\"url\":\"https:\\\/\\\/www.gaborcosmetics.com\\\/en\\\/\",\"name\":\"Gabor Cosmetics\",\"description\":\"\",\"potentialAction\":[{\"@type\":\"SearchAction\",\"target\":{\"@type\":\"EntryPoint\",\"urlTemplate\":\"https:\\\/\\\/www.gaborcosmetics.com\\\/en\\\/?s={search_term_string}\"},\"query-input\":{\"@type\":\"PropertyValueSpecification\",\"valueRequired\":true,\"valueName\":\"search_term_string\"}}],\"inLanguage\":\"en-US\"}]}<\/script>\n<!-- \/ Yoast SEO Premium plugin. -->","yoast_head_json":{"title":"Cr\u00e8me Beurre R\u00e9g\u00e9n\u00e9rante - Gabor Cosmetics","robots":{"index":"index","follow":"follow","max-snippet":"max-snippet:-1","max-image-preview":"max-image-preview:large","max-video-preview":"max-video-preview:-1"},"canonical":"https:\/\/www.gaborcosmetics.com\/en\/shop\/cream-body-aloe\/","og_locale":"en_US","og_type":"article","og_title":"Cr\u00e8me Beurre R\u00e9g\u00e9n\u00e9rante - Gabor Cosmetics","og_description":"Body butter with Aloe Vera and hyaluronic acid \u2013 250 ml","og_url":"https:\/\/www.gaborcosmetics.com\/en\/shop\/cream-body-aloe\/","og_site_name":"Gabor Cosmetics","article_publisher":"https:\/\/www.facebook.com\/Gabor-Cosmetics-100166666828311","article_modified_time":"2023-06-04T20:21:46+00:00","og_image":[{"width":600,"height":800,"url":"https:\/\/www.gaborcosmetics.com\/wp-content\/uploads\/2020\/10\/GS761-1.png","type":"image\/png"}],"twitter_card":"summary_large_image","twitter_misc":{"Est. reading time":"1 minute"},"schema":{"@context":"https:\/\/schema.org","@graph":[{"@type":"WebPage","@id":"https:\/\/www.gaborcosmetics.com\/en\/shop\/cream-body-aloe\/","url":"https:\/\/www.gaborcosmetics.com\/en\/shop\/cream-body-aloe\/","name":"Cr\u00e8me Beurre R\u00e9g\u00e9n\u00e9rante - Gabor Cosmetics","isPartOf":{"@id":"https:\/\/www.gaborcosmetics.com\/en\/#website"},"primaryImageOfPage":{"@id":"https:\/\/www.gaborcosmetics.com\/en\/shop\/cream-body-aloe\/#primaryimage"},"image":{"@id":"https:\/\/www.gaborcosmetics.com\/en\/shop\/cream-body-aloe\/#primaryimage"},"thumbnailUrl":"https:\/\/www.gaborcosmetics.com\/wp-content\/uploads\/2022\/06\/GS761-1.jpg","datePublished":"2022-06-23T13:54:03+00:00","dateModified":"2023-06-04T20:21:46+00:00","breadcrumb":{"@id":"https:\/\/www.gaborcosmetics.com\/en\/shop\/cream-body-aloe\/#breadcrumb"},"inLanguage":"en-US","potentialAction":[{"@type":"ReadAction","target":["https:\/\/www.gaborcosmetics.com\/en\/shop\/cream-body-aloe\/"]}]},{"@type":"ImageObject","inLanguage":"en-US","@id":"https:\/\/www.gaborcosmetics.com\/en\/shop\/cream-body-aloe\/#primaryimage","url":"https:\/\/www.gaborcosmetics.com\/wp-content\/uploads\/2022\/06\/GS761-1.jpg","contentUrl":"https:\/\/www.gaborcosmetics.com\/wp-content\/uploads\/2022\/06\/GS761-1.jpg","width":600,"height":800},{"@type":"BreadcrumbList","@id":"https:\/\/www.gaborcosmetics.com\/en\/shop\/cream-body-aloe\/#breadcrumb","itemListElement":[{"@type":"ListItem","position":1,"name":"Shop","item":"https:\/\/www.gaborcosmetics.com\/en\/?page_id=12200"},{"@type":"ListItem","position":2,"name":"Cr\u00e8me Beurre R\u00e9g\u00e9n\u00e9rante"}]},{"@type":"WebSite","@id":"https:\/\/www.gaborcosmetics.com\/en\/#website","url":"https:\/\/www.gaborcosmetics.com\/en\/","name":"Gabor Cosmetics","description":"","potentialAction":[{"@type":"SearchAction","target":{"@type":"EntryPoint","urlTemplate":"https:\/\/www.gaborcosmetics.com\/en\/?s={search_term_string}"},"query-input":{"@type":"PropertyValueSpecification","valueRequired":true,"valueName":"search_term_string"}}],"inLanguage":"en-US"}]}},"_links":{"self":[{"href":"https:\/\/www.gaborcosmetics.com\/en\/wp-json\/wp\/v2\/product\/13493","targetHints":{"allow":["GET"]}}],"collection":[{"href":"https:\/\/www.gaborcosmetics.com\/en\/wp-json\/wp\/v2\/product"}],"about":[{"href":"https:\/\/www.gaborcosmetics.com\/en\/wp-json\/wp\/v2\/types\/product"}],"replies":[{"embeddable":true,"href":"https:\/\/www.gaborcosmetics.com\/en\/wp-json\/wp\/v2\/comments?post=13493"}],"wp:featuredmedia":[{"embeddable":true,"href":"https:\/\/www.gaborcosmetics.com\/en\/wp-json\/wp\/v2\/media\/23135"}],"wp:attachment":[{"href":"https:\/\/www.gaborcosmetics.com\/en\/wp-json\/wp\/v2\/media?parent=13493"}],"wp:term":[{"taxonomy":"product_brand","embeddable":true,"href":"https:\/\/www.gaborcosmetics.com\/en\/wp-json\/wp\/v2\/product_brand?post=13493"},{"taxonomy":"product_cat","embeddable":true,"href":"https:\/\/www.gaborcosmetics.com\/en\/wp-json\/wp\/v2\/product_cat?post=13493"},{"taxonomy":"product_tag","embeddable":true,"href":"https:\/\/www.gaborcosmetics.com\/en\/wp-json\/wp\/v2\/product_tag?post=13493"}],"curies":[{"name":"wp","href":"https:\/\/api.w.org\/{rel}","templated":true}]}}