{"id":13537,"date":"2022-06-23T15:53:49","date_gmt":"2022-06-23T13:53:49","guid":{"rendered":"https:\/\/www.gaborcosmetics.com\/shop\/siero-contorno-labbra\/"},"modified":"2022-07-07T09:43:21","modified_gmt":"2022-07-07T07:43:21","slug":"serum-contour-eyes-2","status":"publish","type":"product","link":"https:\/\/www.gaborcosmetics.com\/en\/shop\/serum-contour-eyes-2\/","title":{"rendered":"Le S\u00e9rum Contour L\u00e8vres"},"content":{"rendered":"<p>Le S\u00e9rum Contour L\u00e8vres cares for the contours of the lip. It is instantly absorbed leaving the skin soft and silky. Central to the formula is the synergy of 9 hyaluronic acids, capable of extraordinary multi-level moisturization with a filler and plumping effect on the fine lines of the lip contour and on the area between the lips and the nose. The formula also contains a peptide capable of stimulating collagen synthesis and an anti-aging Vitamin Complex. From the first application it gives a wonderful feeling of well-being. Used regularly, the contours of the lips and wrinkles appear reshaped and relaxed, the nasolabial folds are less evident and the smile reacquires its splendor.  <div class=\"mkdf-separator-holder clearfix  mkdf-separator-center mkdf-separator-full-width\">\n\t<div class=\"mkdf-separator\" style=\"border-color: black;border-style: solid;width:  thickness=px;margin-top:  bottom_margin=px\"><\/div>\n<\/div>\n  <strong>INGREDIENTS<\/strong>  SYNERGY OF 9 HYALURONIC ACIDS, multi-moisturizing, anti-aging.  PALMITOIL PEPTIDE &#8211; restructuring, anti-aging.  PROVITAMIN B5 &#8211; moisturizing, humectant. VITAMIN E, antioxidant, emollient.  <strong>WITHOUT <\/strong>   Parabens, Mineral Oils, Dyes, Alcohol<\/p>\n","protected":false},"excerpt":{"rendered":"<p>Plumping serum, youth effect \u2013 15 ml<\/p>\n","protected":false},"featured_media":22713,"comment_status":"open","ping_status":"closed","template":"","meta":{"_acf_changed":false},"product_brand":[],"product_cat":[636,626,646,645],"product_tag":[],"class_list":{"0":"post-13537","1":"product","2":"type-product","3":"status-publish","4":"has-post-thumbnail","6":"product_cat-face","7":"product_cat-gs-9-hyaluronic-acids","8":"product_cat-lips-care","9":"product_cat-face-serums","11":"first","12":"instock","13":"taxable","14":"shipping-taxable","15":"purchasable","16":"product-type-simple"},"acf":[],"yoast_head":"<!-- This site is optimized with the Yoast SEO Premium plugin v27.6 (Yoast SEO v27.6) - https:\/\/yoast.com\/product\/yoast-seo-premium-wordpress\/ -->\n<title>Le S\u00e9rum Contour L\u00e8vres - Gabor Cosmetics<\/title>\n<meta name=\"robots\" content=\"index, follow, max-snippet:-1, max-image-preview:large, max-video-preview:-1\" \/>\n<link rel=\"canonical\" href=\"https:\/\/www.gaborcosmetics.com\/en\/shop\/serum-contour-eyes-2\/\" \/>\n<meta property=\"og:locale\" content=\"en_US\" \/>\n<meta property=\"og:type\" content=\"article\" \/>\n<meta property=\"og:title\" content=\"LE S\u00c9RUM CONTOUR L\u00c8VRES\" \/>\n<meta property=\"og:description\" content=\"Antirughe, rimpolpante, effetto giovinezza\" \/>\n<meta property=\"og:url\" content=\"https:\/\/www.gaborcosmetics.com\/en\/shop\/serum-contour-eyes-2\/\" \/>\n<meta property=\"og:site_name\" content=\"Gabor Cosmetics\" \/>\n<meta property=\"article:publisher\" content=\"https:\/\/www.facebook.com\/Gabor-Cosmetics-100166666828311\" \/>\n<meta property=\"article:modified_time\" content=\"2022-07-07T07:43:21+00:00\" \/>\n<meta property=\"og:image\" content=\"https:\/\/www.gaborcosmetics.com\/wp-content\/uploads\/2020\/10\/5-dicembre.png\" \/>\n<meta name=\"twitter:card\" content=\"summary_large_image\" \/>\n<meta name=\"twitter:label1\" content=\"Est. reading time\" \/>\n\t<meta name=\"twitter:data1\" content=\"1 minute\" \/>\n<script type=\"application\/ld+json\" class=\"yoast-schema-graph\">{\"@context\":\"https:\\\/\\\/schema.org\",\"@graph\":[{\"@type\":\"WebPage\",\"@id\":\"https:\\\/\\\/www.gaborcosmetics.com\\\/en\\\/shop\\\/serum-contour-eyes-2\\\/\",\"url\":\"https:\\\/\\\/www.gaborcosmetics.com\\\/en\\\/shop\\\/serum-contour-eyes-2\\\/\",\"name\":\"Le S\u00e9rum Contour L\u00e8vres - Gabor Cosmetics\",\"isPartOf\":{\"@id\":\"https:\\\/\\\/www.gaborcosmetics.com\\\/en\\\/#website\"},\"primaryImageOfPage\":{\"@id\":\"https:\\\/\\\/www.gaborcosmetics.com\\\/en\\\/shop\\\/serum-contour-eyes-2\\\/#primaryimage\"},\"image\":{\"@id\":\"https:\\\/\\\/www.gaborcosmetics.com\\\/en\\\/shop\\\/serum-contour-eyes-2\\\/#primaryimage\"},\"thumbnailUrl\":\"https:\\\/\\\/www.gaborcosmetics.com\\\/wp-content\\\/uploads\\\/2022\\\/06\\\/GS604.jpg\",\"datePublished\":\"2022-06-23T13:53:49+00:00\",\"dateModified\":\"2022-07-07T07:43:21+00:00\",\"breadcrumb\":{\"@id\":\"https:\\\/\\\/www.gaborcosmetics.com\\\/en\\\/shop\\\/serum-contour-eyes-2\\\/#breadcrumb\"},\"inLanguage\":\"en-US\",\"potentialAction\":[{\"@type\":\"ReadAction\",\"target\":[\"https:\\\/\\\/www.gaborcosmetics.com\\\/en\\\/shop\\\/serum-contour-eyes-2\\\/\"]}]},{\"@type\":\"ImageObject\",\"inLanguage\":\"en-US\",\"@id\":\"https:\\\/\\\/www.gaborcosmetics.com\\\/en\\\/shop\\\/serum-contour-eyes-2\\\/#primaryimage\",\"url\":\"https:\\\/\\\/www.gaborcosmetics.com\\\/wp-content\\\/uploads\\\/2022\\\/06\\\/GS604.jpg\",\"contentUrl\":\"https:\\\/\\\/www.gaborcosmetics.com\\\/wp-content\\\/uploads\\\/2022\\\/06\\\/GS604.jpg\",\"width\":600,\"height\":800},{\"@type\":\"BreadcrumbList\",\"@id\":\"https:\\\/\\\/www.gaborcosmetics.com\\\/en\\\/shop\\\/serum-contour-eyes-2\\\/#breadcrumb\",\"itemListElement\":[{\"@type\":\"ListItem\",\"position\":1,\"name\":\"Shop\",\"item\":\"https:\\\/\\\/www.gaborcosmetics.com\\\/en\\\/?page_id=12200\"},{\"@type\":\"ListItem\",\"position\":2,\"name\":\"Le S\u00e9rum Contour L\u00e8vres\"}]},{\"@type\":\"WebSite\",\"@id\":\"https:\\\/\\\/www.gaborcosmetics.com\\\/en\\\/#website\",\"url\":\"https:\\\/\\\/www.gaborcosmetics.com\\\/en\\\/\",\"name\":\"Gabor Cosmetics\",\"description\":\"\",\"potentialAction\":[{\"@type\":\"SearchAction\",\"target\":{\"@type\":\"EntryPoint\",\"urlTemplate\":\"https:\\\/\\\/www.gaborcosmetics.com\\\/en\\\/?s={search_term_string}\"},\"query-input\":{\"@type\":\"PropertyValueSpecification\",\"valueRequired\":true,\"valueName\":\"search_term_string\"}}],\"inLanguage\":\"en-US\"}]}<\/script>\n<!-- \/ Yoast SEO Premium plugin. -->","yoast_head_json":{"title":"Le S\u00e9rum Contour L\u00e8vres - Gabor Cosmetics","robots":{"index":"index","follow":"follow","max-snippet":"max-snippet:-1","max-image-preview":"max-image-preview:large","max-video-preview":"max-video-preview:-1"},"canonical":"https:\/\/www.gaborcosmetics.com\/en\/shop\/serum-contour-eyes-2\/","og_locale":"en_US","og_type":"article","og_title":"LE S\u00c9RUM CONTOUR L\u00c8VRES","og_description":"Antirughe, rimpolpante, effetto giovinezza","og_url":"https:\/\/www.gaborcosmetics.com\/en\/shop\/serum-contour-eyes-2\/","og_site_name":"Gabor Cosmetics","article_publisher":"https:\/\/www.facebook.com\/Gabor-Cosmetics-100166666828311","article_modified_time":"2022-07-07T07:43:21+00:00","og_image":[{"url":"https:\/\/www.gaborcosmetics.com\/wp-content\/uploads\/2020\/10\/5-dicembre.png","type":"","width":"","height":""}],"twitter_card":"summary_large_image","twitter_misc":{"Est. reading time":"1 minute"},"schema":{"@context":"https:\/\/schema.org","@graph":[{"@type":"WebPage","@id":"https:\/\/www.gaborcosmetics.com\/en\/shop\/serum-contour-eyes-2\/","url":"https:\/\/www.gaborcosmetics.com\/en\/shop\/serum-contour-eyes-2\/","name":"Le S\u00e9rum Contour L\u00e8vres - Gabor Cosmetics","isPartOf":{"@id":"https:\/\/www.gaborcosmetics.com\/en\/#website"},"primaryImageOfPage":{"@id":"https:\/\/www.gaborcosmetics.com\/en\/shop\/serum-contour-eyes-2\/#primaryimage"},"image":{"@id":"https:\/\/www.gaborcosmetics.com\/en\/shop\/serum-contour-eyes-2\/#primaryimage"},"thumbnailUrl":"https:\/\/www.gaborcosmetics.com\/wp-content\/uploads\/2022\/06\/GS604.jpg","datePublished":"2022-06-23T13:53:49+00:00","dateModified":"2022-07-07T07:43:21+00:00","breadcrumb":{"@id":"https:\/\/www.gaborcosmetics.com\/en\/shop\/serum-contour-eyes-2\/#breadcrumb"},"inLanguage":"en-US","potentialAction":[{"@type":"ReadAction","target":["https:\/\/www.gaborcosmetics.com\/en\/shop\/serum-contour-eyes-2\/"]}]},{"@type":"ImageObject","inLanguage":"en-US","@id":"https:\/\/www.gaborcosmetics.com\/en\/shop\/serum-contour-eyes-2\/#primaryimage","url":"https:\/\/www.gaborcosmetics.com\/wp-content\/uploads\/2022\/06\/GS604.jpg","contentUrl":"https:\/\/www.gaborcosmetics.com\/wp-content\/uploads\/2022\/06\/GS604.jpg","width":600,"height":800},{"@type":"BreadcrumbList","@id":"https:\/\/www.gaborcosmetics.com\/en\/shop\/serum-contour-eyes-2\/#breadcrumb","itemListElement":[{"@type":"ListItem","position":1,"name":"Shop","item":"https:\/\/www.gaborcosmetics.com\/en\/?page_id=12200"},{"@type":"ListItem","position":2,"name":"Le S\u00e9rum Contour L\u00e8vres"}]},{"@type":"WebSite","@id":"https:\/\/www.gaborcosmetics.com\/en\/#website","url":"https:\/\/www.gaborcosmetics.com\/en\/","name":"Gabor Cosmetics","description":"","potentialAction":[{"@type":"SearchAction","target":{"@type":"EntryPoint","urlTemplate":"https:\/\/www.gaborcosmetics.com\/en\/?s={search_term_string}"},"query-input":{"@type":"PropertyValueSpecification","valueRequired":true,"valueName":"search_term_string"}}],"inLanguage":"en-US"}]}},"_links":{"self":[{"href":"https:\/\/www.gaborcosmetics.com\/en\/wp-json\/wp\/v2\/product\/13537","targetHints":{"allow":["GET"]}}],"collection":[{"href":"https:\/\/www.gaborcosmetics.com\/en\/wp-json\/wp\/v2\/product"}],"about":[{"href":"https:\/\/www.gaborcosmetics.com\/en\/wp-json\/wp\/v2\/types\/product"}],"replies":[{"embeddable":true,"href":"https:\/\/www.gaborcosmetics.com\/en\/wp-json\/wp\/v2\/comments?post=13537"}],"wp:featuredmedia":[{"embeddable":true,"href":"https:\/\/www.gaborcosmetics.com\/en\/wp-json\/wp\/v2\/media\/22713"}],"wp:attachment":[{"href":"https:\/\/www.gaborcosmetics.com\/en\/wp-json\/wp\/v2\/media?parent=13537"}],"wp:term":[{"taxonomy":"product_brand","embeddable":true,"href":"https:\/\/www.gaborcosmetics.com\/en\/wp-json\/wp\/v2\/product_brand?post=13537"},{"taxonomy":"product_cat","embeddable":true,"href":"https:\/\/www.gaborcosmetics.com\/en\/wp-json\/wp\/v2\/product_cat?post=13537"},{"taxonomy":"product_tag","embeddable":true,"href":"https:\/\/www.gaborcosmetics.com\/en\/wp-json\/wp\/v2\/product_tag?post=13537"}],"curies":[{"name":"wp","href":"https:\/\/api.w.org\/{rel}","templated":true}]}}