{"id":13538,"date":"2022-06-23T15:53:49","date_gmt":"2022-06-23T13:53:49","guid":{"rendered":"https:\/\/www.gaborcosmetics.com\/shop\/siero-contorno-occhi\/"},"modified":"2022-07-07T09:43:20","modified_gmt":"2022-07-07T07:43:20","slug":"serum-contour-eyes","status":"publish","type":"product","link":"https:\/\/www.gaborcosmetics.com\/en\/shop\/serum-contour-eyes\/","title":{"rendered":"Le Concentr\u00e9 Yeux"},"content":{"rendered":"<p>Le Concentr\u00e9 Yeux is a true elixir of youth for the eyes in the form of transparent drops that are immediately absorbed. The 9 hyaluronic acids it ensure intense multi-functional hydration of the epidermis: in depth the low molecular weights promote a re-densifying and recompacting action, while on the surface the high molecular weights protect the skin from pollution and improve the natural barrier function. Additionally, fine lines around the eyes seem to smooth out thanks to the microspheres of hyaluronic acid that &#8220;swell&#8221; with water with an immediate and progressive filler effect. The formula is enriched with a seaweed extract that has a lifting effect. A few applications are enough to make the skin smoother and more uniform. Used regularly, it reduces wrinkles and adds freshness to the area around the eyes  <div class=\"mkdf-separator-holder clearfix  mkdf-separator-center mkdf-separator-full-width\">\n\t<div class=\"mkdf-separator\" style=\"border-color: black;border-style: solid;width:  thickness=px;margin-top:  bottom_margin=px\"><\/div>\n<\/div>\n  &nbsp;<\/p>\n","protected":false},"excerpt":{"rendered":"<p>Wrinkle correction filler, lifting effect \u2013 15 ml<\/p>\n","protected":false},"featured_media":22705,"comment_status":"open","ping_status":"closed","template":"","meta":{"_acf_changed":false},"product_brand":[],"product_cat":[638,636,626,645],"product_tag":[],"class_list":{"0":"post-13538","1":"product","2":"type-product","3":"status-publish","4":"has-post-thumbnail","6":"product_cat-eye-contour","7":"product_cat-face","8":"product_cat-gs-9-hyaluronic-acids","9":"product_cat-face-serums","11":"first","12":"instock","13":"taxable","14":"shipping-taxable","15":"purchasable","16":"product-type-simple"},"acf":[],"yoast_head":"<!-- This site is optimized with the Yoast SEO Premium plugin v27.6 (Yoast SEO v27.6) - https:\/\/yoast.com\/product\/yoast-seo-premium-wordpress\/ -->\n<title>Le Concentr\u00e9 Yeux - Gabor Cosmetics<\/title>\n<meta name=\"robots\" content=\"index, follow, max-snippet:-1, max-image-preview:large, max-video-preview:-1\" \/>\n<link rel=\"canonical\" href=\"https:\/\/www.gaborcosmetics.com\/en\/shop\/serum-contour-eyes\/\" \/>\n<meta property=\"og:locale\" content=\"en_US\" \/>\n<meta property=\"og:type\" content=\"article\" \/>\n<meta property=\"og:title\" content=\"9 ACIDES HYALURONIQUES - LE CONCENTR\u00c9 YEUX\" \/>\n<meta property=\"og:description\" content=\"LE CONCENTR\u00c9 YEUX \u00e8 un elisir di giovinezza per lo sguardo.\" \/>\n<meta property=\"og:url\" content=\"https:\/\/www.gaborcosmetics.com\/en\/shop\/serum-contour-eyes\/\" \/>\n<meta property=\"og:site_name\" content=\"Gabor Cosmetics\" \/>\n<meta property=\"article:publisher\" content=\"https:\/\/www.facebook.com\/Gabor-Cosmetics-100166666828311\" \/>\n<meta property=\"article:modified_time\" content=\"2022-07-07T07:43:20+00:00\" \/>\n<meta property=\"og:image\" content=\"https:\/\/www.gaborcosmetics.com\/wp-content\/uploads\/2020\/10\/Le-Concentr\u00e9-Yeux.png\" \/>\n<meta name=\"twitter:card\" content=\"summary_large_image\" \/>\n<meta name=\"twitter:label1\" content=\"Est. reading time\" \/>\n\t<meta name=\"twitter:data1\" content=\"1 minute\" \/>\n<script type=\"application\/ld+json\" class=\"yoast-schema-graph\">{\"@context\":\"https:\\\/\\\/schema.org\",\"@graph\":[{\"@type\":\"WebPage\",\"@id\":\"https:\\\/\\\/www.gaborcosmetics.com\\\/en\\\/shop\\\/serum-contour-eyes\\\/\",\"url\":\"https:\\\/\\\/www.gaborcosmetics.com\\\/en\\\/shop\\\/serum-contour-eyes\\\/\",\"name\":\"Le Concentr\u00e9 Yeux - Gabor Cosmetics\",\"isPartOf\":{\"@id\":\"https:\\\/\\\/www.gaborcosmetics.com\\\/en\\\/#website\"},\"primaryImageOfPage\":{\"@id\":\"https:\\\/\\\/www.gaborcosmetics.com\\\/en\\\/shop\\\/serum-contour-eyes\\\/#primaryimage\"},\"image\":{\"@id\":\"https:\\\/\\\/www.gaborcosmetics.com\\\/en\\\/shop\\\/serum-contour-eyes\\\/#primaryimage\"},\"thumbnailUrl\":\"https:\\\/\\\/www.gaborcosmetics.com\\\/wp-content\\\/uploads\\\/2022\\\/06\\\/GS603.jpg\",\"datePublished\":\"2022-06-23T13:53:49+00:00\",\"dateModified\":\"2022-07-07T07:43:20+00:00\",\"breadcrumb\":{\"@id\":\"https:\\\/\\\/www.gaborcosmetics.com\\\/en\\\/shop\\\/serum-contour-eyes\\\/#breadcrumb\"},\"inLanguage\":\"en-US\",\"potentialAction\":[{\"@type\":\"ReadAction\",\"target\":[\"https:\\\/\\\/www.gaborcosmetics.com\\\/en\\\/shop\\\/serum-contour-eyes\\\/\"]}]},{\"@type\":\"ImageObject\",\"inLanguage\":\"en-US\",\"@id\":\"https:\\\/\\\/www.gaborcosmetics.com\\\/en\\\/shop\\\/serum-contour-eyes\\\/#primaryimage\",\"url\":\"https:\\\/\\\/www.gaborcosmetics.com\\\/wp-content\\\/uploads\\\/2022\\\/06\\\/GS603.jpg\",\"contentUrl\":\"https:\\\/\\\/www.gaborcosmetics.com\\\/wp-content\\\/uploads\\\/2022\\\/06\\\/GS603.jpg\",\"width\":600,\"height\":800,\"caption\":\"flacone con contagocce concentrato occhi\"},{\"@type\":\"BreadcrumbList\",\"@id\":\"https:\\\/\\\/www.gaborcosmetics.com\\\/en\\\/shop\\\/serum-contour-eyes\\\/#breadcrumb\",\"itemListElement\":[{\"@type\":\"ListItem\",\"position\":1,\"name\":\"Shop\",\"item\":\"https:\\\/\\\/www.gaborcosmetics.com\\\/en\\\/?page_id=12200\"},{\"@type\":\"ListItem\",\"position\":2,\"name\":\"Le Concentr\u00e9 Yeux\"}]},{\"@type\":\"WebSite\",\"@id\":\"https:\\\/\\\/www.gaborcosmetics.com\\\/en\\\/#website\",\"url\":\"https:\\\/\\\/www.gaborcosmetics.com\\\/en\\\/\",\"name\":\"Gabor Cosmetics\",\"description\":\"\",\"potentialAction\":[{\"@type\":\"SearchAction\",\"target\":{\"@type\":\"EntryPoint\",\"urlTemplate\":\"https:\\\/\\\/www.gaborcosmetics.com\\\/en\\\/?s={search_term_string}\"},\"query-input\":{\"@type\":\"PropertyValueSpecification\",\"valueRequired\":true,\"valueName\":\"search_term_string\"}}],\"inLanguage\":\"en-US\"}]}<\/script>\n<!-- \/ Yoast SEO Premium plugin. -->","yoast_head_json":{"title":"Le Concentr\u00e9 Yeux - Gabor Cosmetics","robots":{"index":"index","follow":"follow","max-snippet":"max-snippet:-1","max-image-preview":"max-image-preview:large","max-video-preview":"max-video-preview:-1"},"canonical":"https:\/\/www.gaborcosmetics.com\/en\/shop\/serum-contour-eyes\/","og_locale":"en_US","og_type":"article","og_title":"9 ACIDES HYALURONIQUES - LE CONCENTR\u00c9 YEUX","og_description":"LE CONCENTR\u00c9 YEUX \u00e8 un elisir di giovinezza per lo sguardo.","og_url":"https:\/\/www.gaborcosmetics.com\/en\/shop\/serum-contour-eyes\/","og_site_name":"Gabor Cosmetics","article_publisher":"https:\/\/www.facebook.com\/Gabor-Cosmetics-100166666828311","article_modified_time":"2022-07-07T07:43:20+00:00","og_image":[{"url":"https:\/\/www.gaborcosmetics.com\/wp-content\/uploads\/2020\/10\/Le-Concentr\u00e9-Yeux.png","type":"","width":"","height":""}],"twitter_card":"summary_large_image","twitter_misc":{"Est. reading time":"1 minute"},"schema":{"@context":"https:\/\/schema.org","@graph":[{"@type":"WebPage","@id":"https:\/\/www.gaborcosmetics.com\/en\/shop\/serum-contour-eyes\/","url":"https:\/\/www.gaborcosmetics.com\/en\/shop\/serum-contour-eyes\/","name":"Le Concentr\u00e9 Yeux - Gabor Cosmetics","isPartOf":{"@id":"https:\/\/www.gaborcosmetics.com\/en\/#website"},"primaryImageOfPage":{"@id":"https:\/\/www.gaborcosmetics.com\/en\/shop\/serum-contour-eyes\/#primaryimage"},"image":{"@id":"https:\/\/www.gaborcosmetics.com\/en\/shop\/serum-contour-eyes\/#primaryimage"},"thumbnailUrl":"https:\/\/www.gaborcosmetics.com\/wp-content\/uploads\/2022\/06\/GS603.jpg","datePublished":"2022-06-23T13:53:49+00:00","dateModified":"2022-07-07T07:43:20+00:00","breadcrumb":{"@id":"https:\/\/www.gaborcosmetics.com\/en\/shop\/serum-contour-eyes\/#breadcrumb"},"inLanguage":"en-US","potentialAction":[{"@type":"ReadAction","target":["https:\/\/www.gaborcosmetics.com\/en\/shop\/serum-contour-eyes\/"]}]},{"@type":"ImageObject","inLanguage":"en-US","@id":"https:\/\/www.gaborcosmetics.com\/en\/shop\/serum-contour-eyes\/#primaryimage","url":"https:\/\/www.gaborcosmetics.com\/wp-content\/uploads\/2022\/06\/GS603.jpg","contentUrl":"https:\/\/www.gaborcosmetics.com\/wp-content\/uploads\/2022\/06\/GS603.jpg","width":600,"height":800,"caption":"flacone con contagocce concentrato occhi"},{"@type":"BreadcrumbList","@id":"https:\/\/www.gaborcosmetics.com\/en\/shop\/serum-contour-eyes\/#breadcrumb","itemListElement":[{"@type":"ListItem","position":1,"name":"Shop","item":"https:\/\/www.gaborcosmetics.com\/en\/?page_id=12200"},{"@type":"ListItem","position":2,"name":"Le Concentr\u00e9 Yeux"}]},{"@type":"WebSite","@id":"https:\/\/www.gaborcosmetics.com\/en\/#website","url":"https:\/\/www.gaborcosmetics.com\/en\/","name":"Gabor Cosmetics","description":"","potentialAction":[{"@type":"SearchAction","target":{"@type":"EntryPoint","urlTemplate":"https:\/\/www.gaborcosmetics.com\/en\/?s={search_term_string}"},"query-input":{"@type":"PropertyValueSpecification","valueRequired":true,"valueName":"search_term_string"}}],"inLanguage":"en-US"}]}},"_links":{"self":[{"href":"https:\/\/www.gaborcosmetics.com\/en\/wp-json\/wp\/v2\/product\/13538","targetHints":{"allow":["GET"]}}],"collection":[{"href":"https:\/\/www.gaborcosmetics.com\/en\/wp-json\/wp\/v2\/product"}],"about":[{"href":"https:\/\/www.gaborcosmetics.com\/en\/wp-json\/wp\/v2\/types\/product"}],"replies":[{"embeddable":true,"href":"https:\/\/www.gaborcosmetics.com\/en\/wp-json\/wp\/v2\/comments?post=13538"}],"wp:featuredmedia":[{"embeddable":true,"href":"https:\/\/www.gaborcosmetics.com\/en\/wp-json\/wp\/v2\/media\/22705"}],"wp:attachment":[{"href":"https:\/\/www.gaborcosmetics.com\/en\/wp-json\/wp\/v2\/media?parent=13538"}],"wp:term":[{"taxonomy":"product_brand","embeddable":true,"href":"https:\/\/www.gaborcosmetics.com\/en\/wp-json\/wp\/v2\/product_brand?post=13538"},{"taxonomy":"product_cat","embeddable":true,"href":"https:\/\/www.gaborcosmetics.com\/en\/wp-json\/wp\/v2\/product_cat?post=13538"},{"taxonomy":"product_tag","embeddable":true,"href":"https:\/\/www.gaborcosmetics.com\/en\/wp-json\/wp\/v2\/product_tag?post=13538"}],"curies":[{"name":"wp","href":"https:\/\/api.w.org\/{rel}","templated":true}]}}